{"id":310,"date":"2018-05-16T14:53:56","date_gmt":"2018-05-16T14:53:56","guid":{"rendered":"https:\/\/www.xn--soadoresmic-2db.com\/?page_id=310"},"modified":"2019-06-20T18:14:00","modified_gmt":"2019-06-20T18:14:00","slug":"creditos","status":"publish","type":"page","link":"https:\/\/www.xn--soadoresmic-2db.com\/?page_id=310","title":{"rendered":"Cr\u00e9ditos"},"content":{"rendered":"    <!--[parallax_background]-->\n        <style>\n.bd-parallax-bg-172752659{position:relative}<\/style><style>.bd-parallax-bg-effect > .bd-section-908378621 {\n            background-color: transparent;\n            z-index: 0;\n        }<\/style>        <div class=\" bd-parallax-bg-172752659  bd-parallax-bg-effect\" data-control-selector=\".bd-section-908378621\">\n            <!--{content}-->\n                    <!--[section]-->\n\t\t<style>\n.bd-section-908378621{position:relative;height:90vh;background-image:url(https:\/\/www.xn--soadoresmic-2db.com\/wp-content\/uploads\/2018\/05\/b6c21181fa97723f196a44fd1976221c_Slider3.jpg);background-repeat:no-repeat;background-attachment:scroll;background-size:cover;background-position:center center;-webkit-box-shadow:inset 0px -6px 6px 0 rgba(0, 0, 0, 0.15);-o-box-shadow:inset 0px -6px 6px 0 rgba(0, 0, 0, 0.15);-ms-box-shadow:inset 0px -6px 6px 0 rgba(0, 0, 0, 0.15);-moz-box-shadow:inset 0px -6px 6px 0 rgba(0, 0, 0, 0.15);box-shadow:inset 0px -6px 6px 0 rgba(0, 0, 0, 0.15);padding:0px;}\n@media (max-width: 767px) {.bd-section-908378621{padding:18em 0px 0em;}}\n.bd-section-908378621 h1{\n\tline-height:  45.71428573px;\n\tcolor:  #008a45;\n\tfont-size:  32px;\n\tfont-weight:  400;\n}\n\n@media (max-width: 767px) {.bd-section-908378621 h1{\n\tline-height:  31.5px;\n\tfont-size:  21px;\n}\n}\n.bd-section-908378621{position:relative}<\/style>\t\t<section id=section3 class=\" bd-section-908378621  bd-tagstyles\" data-section-title=\"Container in Full-Width Section\">\n\t\t\t<div class=\"bd-container-inner bd-margins clearfix\">\n\t\t\t\t<!--{content}-->\n\t\t\t\t\t<!--[layoutbox]--><style>\n.additional-class-1036007904{background-color:rgba(242, 243, 243, 0.75);width:100%;bottom:0;position:absolute;-webkit-transform:translateX(-50%) translateY(0);-moz-transform:translateX(-50%) translateY(0);-ms-transform:translateX(-50%) translateY(0);transform:translateX(-50%) translateY(0);left:50%;margin-bottom:60px;padding:30px 60px;}\n@media (max-width: 1199px) {.additional-class-1036007904{padding-left:1em;padding-right:1em;}}\n@media (max-width: 767px) {.additional-class-1036007904{width:100%;padding:15px 10px;}}\n.additional-class-1036007904{\n\ttext-align:  center;\n}\n\n@media (max-width: 767px) {.additional-class-1036007904{\n\ttext-align:  center;\n}\n}<\/style><div class=\"clearfix  additional-class-1036007904  bd-no-margins\"><div class=\"bd-container-inner\"><!--{content}-->    <!--[text]-->\n        <style>\n.additional-class-668700680{margin-top:0px;width:auto;padding-bottom:0px;padding-top:0px;margin-bottom:0px;}<\/style>        <h1 class=\" additional-class-668700680  bd-content-element\">\n            <!--{content}-->\n                Tenemos&nbsp;<b>m\u00faltiples soluciones<\/b>&nbsp;de cr\u00e9ditos para que cubras tus necesidades corrientes y cumplas todos tus sue\u00f1os            <!--{\/content}-->\n        <\/h1>\n    <!--[\/text]-->\n<!--{\/content}--><\/div><\/div><!--[\/layoutbox]-->\t\t\t\t<!--{\/content}-->\n\t\t\t<\/div>\n\t\t<\/section>\n\t<!--[\/section]-->\n            <!--{\/content}-->\n        <\/div>\n    <!--[\/parallax_background]-->\n\n    <!--[section]-->\n\t\t<style>\n.bd-section-1273897151{background-color:#f2f3f3;padding-bottom:15px;padding-top:15px;}\n.bd-section-1273897151{\n\tline-height:  24px;\n\tcolor:  #ffffff;\n\tfont-size:  16px;\n\tfont-weight:  normal;\n}\n.bd-section-1273897151 h2{\n\tline-height:  33px;\n\tfont-size:  22px;\n\tfont-weight:  500;\n\tcolor:  #ffffff;\n}\n.bd-section-1273897151 h1{\n\tline-height:  38.4px;\n\tfont-size:  32px;\n\tfont-weight:  600;\n\tcolor:  #ffffff;\n}\n<\/style>\t\t<section id=section5 class=\" bd-section-1273897151  bd-tagstyles\" data-section-title=\"Two Columns Right Offset Over Image\">\n\t\t\t<div class=\"bd-container-inner bd-margins clearfix\">\n\t\t\t\t<!--{content}-->\n\t\t\t\t\t    <!--[columns]-->\n        <style>\n.bd-layoutcontainer-945424950 > .bd-container-inner > .container-fluid > .row{height:100%;margin:0px;}\n.bd-layoutcontainer-945424950 > .bd-container-inner > .container-fluid > .row > div{padding:0px;}\n.bd-layoutcontainer-945424950  > .bd-container-inner > .container-fluid:after{display:none;}<\/style><style>\n.bd-layoutcontainer-945424950 > .bd-container-inner > .container-fluid, .bd-layoutcontainer-945424950 > .bd-container-inner > .container-fluid > .row{height:100%;}<\/style><style>.bd-layoutcontainer-945424950 > .bd-container-inner > .container-fluid {padding-left: 0; padding-right: 0;}<\/style>        <style>\n.bd-layoutcolumn-750186022{margin-top:2em;background-color:#333333;min-height:250px;margin-bottom:2em;margin-right:-2em;position:relative;z-index:1;background-image:url(https:\/\/www.xn--soadoresmic-2db.com\/wp-content\/uploads\/2018\/05\/2dec8a1fb257889fd2a34591b75adef6_Baner9.jpg);background-repeat:no-repeat;background-attachment:scroll;background-position:center center;background-size:cover;-webkit-box-shadow:0px 0px 7px 0 rgba(0, 0, 0, 0.33);-o-box-shadow:0px 0px 7px 0 rgba(0, 0, 0, 0.33);-ms-box-shadow:0px 0px 7px 0 rgba(0, 0, 0, 0.33);-moz-box-shadow:0px 0px 7px 0 rgba(0, 0, 0, 0.33);box-shadow:0px 0px 7px 0 rgba(0, 0, 0, 0.33);padding:0px;}\n@media (max-width: 767px) {.bd-layoutcolumn-750186022{margin:0em 2% -2em;padding:5%;}}\n\n.bd-layoutcolumn-616215305{position:relative;background-attachment:scroll;background-size:cover;margin-left:-2em;background-color:#008a45;padding:60px 60px 60px 120px;}\n@media (max-width: 767px) {.bd-layoutcolumn-616215305{padding-right:10%;padding-top:20%;padding-left:10%;margin-right:-1em;margin-left:-1em;}}\n.bd-layoutcolumn-616215305{\n\ttext-align:  right;\n}\n.bd-layoutcolumn-616215305 blockquote{\n\ttext-align:  left;\n}\n<\/style>        <div class=\" bd-layoutcontainer-945424950  bd-columns bd-no-margins\">\n            <div class=\"bd-container-inner\">\n                <div class=\"container-fluid\">\n                    <div class=\"row bd-row-flex bd-row-align-middle\">\n                        <!--{content}-->\n                                <!--[column]-->\n        <div class=\"col-sm-4 bd-columnwrapper-750186022\">\n            <div class=\"bd-column  bd-layoutcolumn-750186022  bd-no-margins\">\n                <div class=\"bd-vertical-align-wrapper\">\n                    <!--{content}-->\n                                            <!--{\/content}-->\n                <\/div>\n            <\/div>\n        <\/div>\n    <!--[\/column]-->\n\n\t\n\t\t    <!--[column]-->\n        <div class=\"col-sm-8 bd-columnwrapper-616215305\">\n            <div class=\"bd-column  bd-layoutcolumn-616215305  bd-no-margins\">\n                <div class=\"bd-vertical-align-wrapper\">\n                    <!--{content}-->\n                            <!--[text]-->\n        <style>\n.additional-class-428764776{margin:0px;}<\/style>        <h2 class=\" additional-class-428764776  bd-no-margins bd-content-element\">\n            <!--{content}-->\n                Cr\u00e9dito            <!--{\/content}-->\n        <\/h2>\n    <!--[\/text]-->\n\n\t\n\t\t    <!--[text]-->\n        <style>\n.additional-class-118717421{margin-top:0px;margin-bottom:10px;}<\/style>        <h1 class=\" additional-class-118717421  bd-content-element\">\n            <!--{content}-->\n                Libre Inversi\u00f3n            <!--{\/content}-->\n        <\/h1>\n    <!--[\/text]-->\n\n\t\n\t\t\n    <!--[separator]-->\n    <style>\n.bd-separator-1747726231{margin-top:10px;}<\/style>        <style>\n.bd-separator-1747726231 .bd-separator-inner:before, .bd-separator-1747726231 .bd-separator-inner:after{border-top:2px solid #ffffff;}<\/style>    <style>\n.bd-separator-1747726231 .bd-separator-inner{width:15%;}<\/style>\n    <div class=\" bd-separator-1747726231  bd-separator-right bd-separator-content-center clearfix\">\n        <div class=\"bd-container-inner\">\n            <div class=\"bd-separator-inner\">\n                                <!--{content}--><!--{\/content}-->\n            <\/div>\n        <\/div>\n    <\/div>\n    <!--[\/separator]-->\n\n    \n\t\n\t\t    <!--[text]-->\n        <style>\n.additional-class-736560577{padding-bottom:15px;padding-top:15px;}<\/style>        <p class=\" additional-class-736560577  bd-content-element\">\n            <!--{content}-->\n                Cr\u00e9dito de libre destinaci\u00f3n que tiene por objeto solucionar las necesidades corrientes de nuestros asociados, procurando un mejoramiento patrimonial.            <!--{\/content}-->\n        <\/p>\n    <!--[\/text]-->\n\n\t\n\t\t<!--[html]--><style><\/style><div class=\"bd-tagstyles  additional-class-501949557 bd-custom-blockquotes bd-blockquotes-9-mixin\"><div class=\"bd-container-inner bd-content-element\"><!--{content}--><blockquote>Cr\u00e9dito desde $100.000 hasta el salario b\u00e1sico m\u00e1s los aportes obtenidos a la fecha.<br>Plazo m\u00ednimo de 1 mes y m\u00e1ximo 36 meses \n<br>Tasa de inter\u00e9s del 1.5% mes vencido<br><\/blockquote><!--{\/content}--><\/div><\/div><!--[\/html]-->                    <!--{\/content}-->\n                <\/div>\n            <\/div>\n        <\/div>\n    <!--[\/column]-->\n                        <!--{\/content}-->\n                    <\/div>\n                <\/div>\n            <\/div>\n        <\/div>\n    <!--[\/columns]-->\n\t\t\t\t<!--{\/content}-->\n\t\t\t<\/div>\n\t\t<\/section>\n\t<!--[\/section]-->\n\n    <!--[section]-->\n\t\t<style>\n.bd-section-333807364{background-color:#f2f3f3;padding-bottom:15px;}\n.bd-section-333807364{\n\tline-height:  24px;\n\tcolor:  #ffffff;\n\tfont-size:  16px;\n\tfont-weight:  400;\n}\n.bd-section-333807364 h2{\n\tline-height:  33px;\n\tfont-size:  22px;\n\tfont-weight:  500;\n\tcolor:  #ffffff;\n}\n.bd-section-333807364 h1{\n\tline-height:  38.4px;\n\tfont-size:  32px;\n\tfont-weight:  600;\n\tcolor:  #ffffff;\n}\n<\/style>\t\t<section id=section5 class=\" bd-section-333807364  bd-tagstyles\" data-section-title=\"Two Columns Right Offset Over Image\">\n\t\t\t<div class=\"bd-container-inner bd-margins clearfix\">\n\t\t\t\t<!--{content}-->\n\t\t\t\t\t    <!--[columns]-->\n        <style>\n.bd-layoutcontainer-848000820 > .bd-container-inner > .container-fluid > .row{height:100%;margin:0px;}\n.bd-layoutcontainer-848000820 > .bd-container-inner > .container-fluid > .row > div{padding:0px;}\n.bd-layoutcontainer-848000820  > .bd-container-inner > .container-fluid:after{display:none;}<\/style><style>\n.bd-layoutcontainer-848000820 > .bd-container-inner > .container-fluid, .bd-layoutcontainer-848000820 > .bd-container-inner > .container-fluid > .row{height:100%;}<\/style><style>.bd-layoutcontainer-848000820 > .bd-container-inner > .container-fluid {padding-left: 0; padding-right: 0;}<\/style>        <style>\n.bd-layoutcolumn-1102366185{background-attachment:scroll;background-size:cover;background-color:#303030;position:relative;margin-right:-2em;padding:60px 120px 60px 60px;}\n@media (max-width: 767px) {.bd-layoutcolumn-1102366185{padding-right:10%;padding-left:10%;margin-right:-1em;margin-left:-1em;padding-bottom:20%;}}\n\n.bd-layoutcolumn-400344455{margin-top:2em;background-color:#333333;min-height:250px;margin-bottom:2em;z-index:1;background-image:url(https:\/\/www.xn--soadoresmic-2db.com\/wp-content\/uploads\/2018\/05\/bc5b224d5794e707704b7272d21fcdf9_Baner10.jpg);background-repeat:no-repeat;background-attachment:scroll;background-position:center 82.41%;background-size:cover;-webkit-box-shadow:0px 0px 7px 0 rgba(0, 0, 0, 0.33);-o-box-shadow:0px 0px 7px 0 rgba(0, 0, 0, 0.33);-ms-box-shadow:0px 0px 7px 0 rgba(0, 0, 0, 0.33);-moz-box-shadow:0px 0px 7px 0 rgba(0, 0, 0, 0.33);box-shadow:0px 0px 7px 0 rgba(0, 0, 0, 0.33);margin-left:-2em;padding:0px;}\n@media (max-width: 767px) {.bd-layoutcolumn-400344455{margin:-2em 2% 0em;padding:5%;}}<\/style>        <div class=\" bd-layoutcontainer-848000820  bd-columns bd-no-margins\">\n            <div class=\"bd-container-inner\">\n                <div class=\"container-fluid\">\n                    <div class=\"row bd-row-flex bd-row-align-middle\">\n                        <!--{content}-->\n                                <!--[column]-->\n        <div class=\"col-sm-8 bd-columnwrapper-1102366185\">\n            <div class=\"bd-column  bd-layoutcolumn-1102366185  bd-no-margins\">\n                <div class=\"bd-vertical-align-wrapper\">\n                    <!--{content}-->\n                            <!--[text]-->\n        <style>\n.additional-class-560127408{margin:0px;}<\/style>        <h2 class=\" additional-class-560127408  bd-no-margins bd-content-element\">\n            <!--{content}-->\n                Cr\u00e9dito            <!--{\/content}-->\n        <\/h2>\n    <!--[\/text]-->\n\n\t\n\t\t    <!--[text]-->\n        <style>\n.additional-class-1470889773{margin-top:0px;}<\/style>        <h1 class=\" additional-class-1470889773  bd-content-element\">\n            <!--{content}-->\n                Calamidad            <!--{\/content}-->\n        <\/h1>\n    <!--[\/text]-->\n\n\t\n\t\t\n    <!--[separator]-->\n    <style>\n.bd-separator-1913191706{margin-top:10px;}<\/style>        <style>\n.bd-separator-1913191706 .bd-separator-inner:before, .bd-separator-1913191706 .bd-separator-inner:after{border-top:2px solid #008a45;}<\/style>    <style>\n.bd-separator-1913191706 .bd-separator-inner{width:15%;}<\/style>\n    <div class=\" bd-separator-1913191706  bd-separator-left bd-separator-content-center clearfix\">\n        <div class=\"bd-container-inner\">\n            <div class=\"bd-separator-inner\">\n                                <!--{content}--><!--{\/content}-->\n            <\/div>\n        <\/div>\n    <\/div>\n    <!--[\/separator]-->\n\n    \n\t\n\t\t    <!--[text]-->\n        <style>\n.additional-class-1632297100{padding-bottom:15px;padding-top:15px;}<\/style>        <p class=\" additional-class-1632297100  bd-content-element\">\n            <!--{content}-->\n                Cr\u00e9dito para apoyo econ\u00f3mico para el cubrimiento de gastos imprevistos y de car\u00e1cter prioritario que requieran un plazo c\u00f3modo de pago.            <!--{\/content}-->\n        <\/p>\n    <!--[\/text]-->\n\n\t\n\t\t<!--[html]--><style><\/style><div class=\"bd-tagstyles  additional-class-1605621610 bd-custom-blockquotes bd-blockquotes-19-mixin\"><div class=\"bd-container-inner bd-content-element\"><!--{content}--><blockquote>Cr\u00e9dito de hasta el 80% del salario b\u00e1sico\n<br>Plazo m\u00ednimo de 1 mes y m\u00e1ximo 6 meses\n<br>Tasa de inter\u00e9s del 1.2% mes vencido<br><\/blockquote><blockquote>Requerimientos para solicitud de este cr\u00e9dito con soporte: Cubrimiento de da\u00f1os en el hogar, veh\u00edculos, urgencias de salud (copagos, medicinas por fuera del POS), pago de servicios p\u00fablicos, gastos escolares y gastos funerarios de un familiar.<br><\/blockquote><!--{\/content}--><\/div><\/div><!--[\/html]-->                    <!--{\/content}-->\n                <\/div>\n            <\/div>\n        <\/div>\n    <!--[\/column]-->\n\n\t\n\t\t    <!--[column]-->\n        <div class=\"col-sm-4 bd-columnwrapper-400344455\">\n            <div class=\"bd-column  bd-layoutcolumn-400344455  bd-no-margins\">\n                <div class=\"bd-vertical-align-wrapper\">\n                    <!--{content}-->\n                                            <!--{\/content}-->\n                <\/div>\n            <\/div>\n        <\/div>\n    <!--[\/column]-->\n                        <!--{\/content}-->\n                    <\/div>\n                <\/div>\n            <\/div>\n        <\/div>\n    <!--[\/columns]-->\n\t\t\t\t<!--{\/content}-->\n\t\t\t<\/div>\n\t\t<\/section>\n\t<!--[\/section]-->\n\n    <!--[section]-->\n\t\t<style>\n.bd-section-238856430{background-color:#f2f3f3;padding-bottom:15px;padding-top:15px;}\n.bd-section-238856430{\n\tline-height:  24px;\n\tcolor:  #ffffff;\n\tfont-size:  16px;\n\tfont-weight:  normal;\n}\n.bd-section-238856430 h2{\n\tline-height:  33px;\n\tfont-size:  22px;\n\tfont-weight:  500;\n\tcolor:  #ffffff;\n}\n.bd-section-238856430 h1{\n\tline-height:  38.4px;\n\tfont-size:  32px;\n\tfont-weight:  600;\n\tcolor:  #ffffff;\n}\n<\/style>\t\t<section id=section5 class=\" bd-section-238856430  bd-tagstyles\" data-section-title=\"Two Columns Right Offset Over Image\">\n\t\t\t<div class=\"bd-container-inner bd-margins clearfix\">\n\t\t\t\t<!--{content}-->\n\t\t\t\t\t    <!--[columns]-->\n        <style>\n.bd-layoutcontainer-1051210301 > .bd-container-inner > .container-fluid > .row{height:100%;margin:0px;}\n.bd-layoutcontainer-1051210301 > .bd-container-inner > .container-fluid > .row > div{padding:0px;}\n.bd-layoutcontainer-1051210301  > .bd-container-inner > .container-fluid:after{display:none;}<\/style><style>\n.bd-layoutcontainer-1051210301 > .bd-container-inner > .container-fluid, .bd-layoutcontainer-1051210301 > .bd-container-inner > .container-fluid > .row{height:100%;}<\/style><style>.bd-layoutcontainer-1051210301 > .bd-container-inner > .container-fluid {padding-left: 0; padding-right: 0;}<\/style>        <style>\n.bd-layoutcolumn-863094995{margin-top:2em;background-color:#333333;min-height:250px;margin-bottom:2em;margin-right:-2em;position:relative;z-index:1;background-image:url(https:\/\/www.xn--soadoresmic-2db.com\/wp-content\/uploads\/2019\/04\/1b69b821eba5b83732ebb1569a9c268b_Baner12.jpg);background-repeat:no-repeat;background-attachment:scroll;background-position:center center;background-size:cover;-webkit-box-shadow:0px 0px 7px 0 rgba(0, 0, 0, 0.33);-o-box-shadow:0px 0px 7px 0 rgba(0, 0, 0, 0.33);-ms-box-shadow:0px 0px 7px 0 rgba(0, 0, 0, 0.33);-moz-box-shadow:0px 0px 7px 0 rgba(0, 0, 0, 0.33);box-shadow:0px 0px 7px 0 rgba(0, 0, 0, 0.33);padding:0px;}\n@media (max-width: 767px) {.bd-layoutcolumn-863094995{margin:0em 2% -2em;padding:5%;}}\n\n.bd-layoutcolumn-1589966964{position:relative;background-attachment:scroll;background-size:cover;margin-left:-2em;background-color:#008a45;padding:60px 60px 60px 120px;}\n@media (max-width: 767px) {.bd-layoutcolumn-1589966964{padding-right:10%;padding-top:20%;padding-left:10%;margin-right:-1em;margin-left:-1em;}}\n.bd-layoutcolumn-1589966964{\n\ttext-align:  right;\n}\n.bd-layoutcolumn-1589966964 blockquote{\n\ttext-align:  left;\n}\n<\/style>        <div class=\" bd-layoutcontainer-1051210301  bd-columns bd-no-margins\">\n            <div class=\"bd-container-inner\">\n                <div class=\"container-fluid\">\n                    <div class=\"row bd-row-flex bd-row-align-middle\">\n                        <!--{content}-->\n                                <!--[column]-->\n        <div class=\"col-sm-4 bd-columnwrapper-863094995\">\n            <div class=\"bd-column  bd-layoutcolumn-863094995  bd-no-margins\">\n                <div class=\"bd-vertical-align-wrapper\">\n                    <!--{content}-->\n                                            <!--{\/content}-->\n                <\/div>\n            <\/div>\n        <\/div>\n    <!--[\/column]-->\n\n\t\n\t\t    <!--[column]-->\n        <div class=\"col-sm-8 bd-columnwrapper-1589966964\">\n            <div class=\"bd-column  bd-layoutcolumn-1589966964  bd-no-margins\">\n                <div class=\"bd-vertical-align-wrapper\">\n                    <!--{content}-->\n                            <!--[text]-->\n        <style>\n.additional-class-1461851313{margin:0px;}<\/style>        <h2 class=\" additional-class-1461851313  bd-no-margins bd-content-element\">\n            <!--{content}-->\n                Cr\u00e9dito            <!--{\/content}-->\n        <\/h2>\n    <!--[\/text]-->\n\n\t\n\t\t    <!--[text]-->\n        <style>\n.additional-class-1254491838{margin-top:0px;margin-bottom:10px;}<\/style>        <h1 class=\" additional-class-1254491838  bd-content-element\">\n            <!--{content}-->\n                Educativo            <!--{\/content}-->\n        <\/h1>\n    <!--[\/text]-->\n\n\t\n\t\t\n    <!--[separator]-->\n    <style>\n.bd-separator-1077388542{margin-top:10px;}<\/style>        <style>\n.bd-separator-1077388542 .bd-separator-inner:before, .bd-separator-1077388542 .bd-separator-inner:after{border-top:2px solid #ffffff;}<\/style>    <style>\n.bd-separator-1077388542 .bd-separator-inner{width:15%;}<\/style>\n    <div class=\" bd-separator-1077388542  bd-separator-right bd-separator-content-center clearfix\">\n        <div class=\"bd-container-inner\">\n            <div class=\"bd-separator-inner\">\n                                <!--{content}--><!--{\/content}-->\n            <\/div>\n        <\/div>\n    <\/div>\n    <!--[\/separator]-->\n\n    \n\t\n\t\t    <!--[text]-->\n        <style>\n.additional-class-1654501956{padding-bottom:15px;padding-top:15px;}<\/style>        <p class=\" additional-class-1654501956  bd-content-element\">\n            <!--{content}-->\n                Te ayudara a iniciar o culminar tus estudios so\u00f1ados.            <!--{\/content}-->\n        <\/p>\n    <!--[\/text]-->\n\n\t\n\t\t<!--[html]--><style><\/style><div class=\"bd-tagstyles  additional-class-349074784 bd-custom-blockquotes bd-blockquotes-22-mixin\"><div class=\"bd-container-inner bd-content-element\"><!--{content}--><blockquote>Cr\u00e9dito hasta el 100% del salario b\u00e1sico m\u00e1s los aportes obtenidos a la fecha.\n<br>Plazo m\u00ednimo de 1 mes y m\u00e1ximo 36 meses, dependiendo del\nnivel de estudio al que aplique.&nbsp;&nbsp;<!--EndFragment--><br>Tasa de inter\u00e9s del 1.2% mes vencido.<br><\/blockquote><!--{\/content}--><\/div><\/div><!--[\/html]-->\n\t\n\t\t<!--[html]--><style><\/style><div class=\"bd-tagstyles  additional-class-266899976 bd-custom-blockquotes bd-blockquotes-27-mixin\"><div class=\"bd-container-inner bd-content-element\"><!--{content}--><blockquote><b>Requerimientos para solicitud:<\/b> Soporte de matr\u00edcula, derechos de grado y cotizaci\u00f3n de equipos o elementos requeridos por la instituci\u00f3n.&nbsp;<br><\/blockquote><!--{\/content}--><\/div><\/div><!--[\/html]-->                    <!--{\/content}-->\n                <\/div>\n            <\/div>\n        <\/div>\n    <!--[\/column]-->\n                        <!--{\/content}-->\n                    <\/div>\n                <\/div>\n            <\/div>\n        <\/div>\n    <!--[\/columns]-->\n\t\t\t\t<!--{\/content}-->\n\t\t\t<\/div>\n\t\t<\/section>\n\t<!--[\/section]-->\n\n    <!--[section]-->\n\t\t<style>\n.bd-section-1853347331{background-color:#f78b1e;position:relative;background-image:url(https:\/\/www.xn--soadoresmic-2db.com\/wp-content\/uploads\/2018\/05\/Baner11.jpg);background-repeat:repeat;background-attachment:scroll;background-position:center bottom;background-size:cover;padding:90px 60px;}\n.bd-section-1853347331{\n\tline-height:  30.6px;\n\tcolor:  #ffffff;\n\tfont-size:  18px;\n\ttext-align:  center;\n\tfont-style:  normal;\n\tletter-spacing:  1px;\n}\n<\/style>\t\t<section id=section4 class=\" bd-section-1853347331  bd-tagstyles\" data-section-title=\"Row with Background Image\">\n\t\t\t<div class=\"bd-container-inner bd-margins clearfix\">\n\t\t\t\t<!--{content}-->\n\t\t\t\t\t    <!--[text]-->\n        <style>\n.additional-class-2088420130{padding-bottom:15px;padding-top:15px;}\nh1.additional-class-2088420130{\n\tline-height:  45.71428573px;\n\tfont-size:  32px;\n}\n<\/style>        <h1 class=\" additional-class-2088420130  bd-content-element\">\n            <!--{content}-->\n                \u00bfDeseas hacer parte de nuestro fondo de empleados?            <!--{\/content}-->\n        <\/h1>\n    <!--[\/text]-->\n\n\t\n\t\t<!--[button]--><style>.additional-class-2049756396 {\n                    text-decoration: inherit;\n\t                display: inline-block;\n\t                speak: none;\n\t            }\n\n                .additional-class-2049756396:after {\n                    font-family: 'Billion Web Font';\n\t                font-style: normal;\n\t                font-weight: normal;\n\t                text-decoration: inherit;\n\t                text-align: center;\n\t                text-transform: none;\n\t                width: 1em;\n                }.additional-class-2049756396:after { content: '\\1cd'; }.additional-class-2049756396:before {width: auto; visibility: inherit;}.additional-class-2049756396:after{display: inline-block;}<\/style><style>.additional-class-2049756396:after {\n        vertical-align: middle;\n        text-decoration: none;\n    }<\/style><style>.additional-class-2049756396:hover {\n                    text-decoration: inherit;\n\t                display: inline-block;\n\t                speak: none;\n\t            }\n\n                .additional-class-2049756396:hover:before {\n                    font-family: 'Billion Web Font';\n\t                font-style: normal;\n\t                font-weight: normal;\n\t                text-decoration: inherit;\n\t                text-align: center;\n\t                text-transform: none;\n\t                width: 1em;\n                }.additional-class-2049756396:hover:before {width: auto; visibility: inherit;}.additional-class-2049756396:hover:before{display: inline-block;}<\/style><style>.additional-class-2049756396:hover:before {\n        vertical-align: middle;\n        text-decoration: none;\n    }<\/style><a href=\"https:\/\/www.xn--soadoresmic-2db.com\/afiliacion\/\" class=\"bd-button-137  additional-class-2049756396  bd-icon bd-own-margins bd-content-element\"><!--{content}-->\nDESCARGAR FORMATOS\n<!--{\/content}--><\/a><!--[\/button]-->\t\t\t\t<!--{\/content}-->\n\t\t\t<\/div>\n\t\t<\/section>\n\t<!--[\/section]-->\n\n","protected":false},"excerpt":{"rendered":"","protected":false},"author":1,"featured_media":0,"parent":0,"menu_order":3,"comment_status":"closed","ping_status":"closed","template":"","meta":{"footnotes":""},"class_list":["post-310","page","type-page","status-publish","hentry"],"_links":{"self":[{"href":"https:\/\/www.xn--soadoresmic-2db.com\/index.php?rest_route=\/wp\/v2\/pages\/310","targetHints":{"allow":["GET"]}}],"collection":[{"href":"https:\/\/www.xn--soadoresmic-2db.com\/index.php?rest_route=\/wp\/v2\/pages"}],"about":[{"href":"https:\/\/www.xn--soadoresmic-2db.com\/index.php?rest_route=\/wp\/v2\/types\/page"}],"author":[{"embeddable":true,"href":"https:\/\/www.xn--soadoresmic-2db.com\/index.php?rest_route=\/wp\/v2\/users\/1"}],"replies":[{"embeddable":true,"href":"https:\/\/www.xn--soadoresmic-2db.com\/index.php?rest_route=%2Fwp%2Fv2%2Fcomments&post=310"}],"version-history":[{"count":14,"href":"https:\/\/www.xn--soadoresmic-2db.com\/index.php?rest_route=\/wp\/v2\/pages\/310\/revisions"}],"predecessor-version":[{"id":643,"href":"https:\/\/www.xn--soadoresmic-2db.com\/index.php?rest_route=\/wp\/v2\/pages\/310\/revisions\/643"}],"wp:attachment":[{"href":"https:\/\/www.xn--soadoresmic-2db.com\/index.php?rest_route=%2Fwp%2Fv2%2Fmedia&parent=310"}],"curies":[{"name":"wp","href":"https:\/\/api.w.org\/{rel}","templated":true}]}}