{"id":342,"date":"2018-05-16T16:04:35","date_gmt":"2018-05-16T16:04:35","guid":{"rendered":"https:\/\/www.xn--soadoresmic-2db.com\/ahorro-2\/"},"modified":"2018-05-30T14:16:43","modified_gmt":"2018-05-30T14:16:43","slug":"ahorro","status":"publish","type":"page","link":"https:\/\/www.xn--soadoresmic-2db.com\/?page_id=342","title":{"rendered":"Ahorro"},"content":{"rendered":"    <!--[parallax_background]-->\n        <style>\n.bd-parallax-bg-151497772{position:relative}<\/style><style>.bd-parallax-bg-effect > .bd-section-1199368586 {\n            background-color: transparent;\n            z-index: 0;\n        }<\/style>        <div class=\" bd-parallax-bg-151497772  bd-parallax-bg-effect\" data-control-selector=\".bd-section-1199368586\">\n            <!--{content}-->\n                    <!--[section]-->\n\t\t<style>\n.bd-section-1199368586{position:relative;height:90vh;background-image:url(https:\/\/www.xn--soadoresmic-2db.com\/wp-content\/uploads\/2018\/05\/cd2bd220895b4516bf49d40a2a6bf533_Slider2.jpg);background-repeat:no-repeat;background-attachment:scroll;background-size:cover;-webkit-box-shadow:inset 0px -6px 6px 0 rgba(0, 0, 0, 0.15);-o-box-shadow:inset 0px -6px 6px 0 rgba(0, 0, 0, 0.15);-ms-box-shadow:inset 0px -6px 6px 0 rgba(0, 0, 0, 0.15);-moz-box-shadow:inset 0px -6px 6px 0 rgba(0, 0, 0, 0.15);box-shadow:inset 0px -6px 6px 0 rgba(0, 0, 0, 0.15);background-position:center top;padding:0px;}\n@media (max-width: 767px) {.bd-section-1199368586{padding:18em 0px 0em;}}\n.bd-section-1199368586 h1{\n\tline-height:  45.71428573px;\n\tcolor:  #008a45;\n\tfont-size:  32px;\n\tfont-weight:  400;\n}\n\n@media (max-width: 767px) {.bd-section-1199368586 h1{\n\tline-height:  31.5px;\n\tfont-size:  21px;\n}\n}\n.bd-section-1199368586{position:relative}<\/style>\t\t<section id=section3 class=\" bd-section-1199368586  bd-tagstyles\" data-section-title=\"Container in Full-Width Section\">\n\t\t\t<div class=\"bd-container-inner bd-margins clearfix\">\n\t\t\t\t<!--{content}-->\n\t\t\t\t\t<!--[layoutbox]--><style>\n.additional-class-391865732{background-color:rgba(242, 243, 243, 0.75);width:100%;left:50%;bottom:0;position:absolute;-webkit-transform:translateX(-50%) translateY(0);-moz-transform:translateX(-50%) translateY(0);-ms-transform:translateX(-50%) translateY(0);transform:translateX(-50%) translateY(0);margin-bottom:60px;padding:30px 60px;}\n@media (max-width: 1199px) {.additional-class-391865732{padding-left:1em;padding-right:1em;}}\n@media (max-width: 767px) {.additional-class-391865732{width:100%;padding:15px 10px;}}\n.additional-class-391865732{\n\ttext-align:  center;\n}\n\n@media (max-width: 767px) {.additional-class-391865732{\n\ttext-align:  center;\n}\n}<\/style><div class=\"clearfix  additional-class-391865732  bd-no-margins\"><div class=\"bd-container-inner\"><!--{content}-->    <!--[text]-->\n        <style>\n.additional-class-606086164{margin-top:0px;width:auto;padding-bottom:0px;padding-top:0px;margin-bottom:0px;}<\/style>        <h1 class=\" additional-class-606086164  bd-content-element\">\n            <!--{content}-->\n                Tenemos&nbsp;<b>m\u00faltiples<\/b>&nbsp;opciones para que ahorres \n<br>y cumplas todos tus sue\u00f1os            <!--{\/content}-->\n        <\/h1>\n    <!--[\/text]-->\n<!--{\/content}--><\/div><\/div><!--[\/layoutbox]-->\t\t\t\t<!--{\/content}-->\n\t\t\t<\/div>\n\t\t<\/section>\n\t<!--[\/section]-->\n            <!--{\/content}-->\n        <\/div>\n    <!--[\/parallax_background]-->\n\n    <!--[section]-->\n\t\t<style>\n.bd-section-1065358067{background-color:#f2f3f3;padding-top:15px;padding-bottom:15px;}\n.bd-section-1065358067{\n\tline-height:  24px;\n\tcolor:  #ffffff;\n\tfont-size:  16px;\n\tfont-weight:  400;\n}\n.bd-section-1065358067 h2{\n\tline-height:  33px;\n\tfont-size:  22px;\n\tfont-weight:  500;\n\tcolor:  #ffffff;\n}\n.bd-section-1065358067 h1{\n\tline-height:  38.4px;\n\tfont-size:  32px;\n\tfont-weight:  600;\n\tcolor:  #ffffff;\n}\n<\/style>\t\t<section id=section5 class=\" bd-section-1065358067  bd-tagstyles\" data-section-title=\"Two Columns Right Offset Over Image\">\n\t\t\t<div class=\"bd-container-inner bd-margins clearfix\">\n\t\t\t\t<!--{content}-->\n\t\t\t\t\t    <!--[columns]-->\n        <style>\n.bd-layoutcontainer-874367239 > .bd-container-inner > .container-fluid > .row{height:100%;margin:0px;}\n.bd-layoutcontainer-874367239 > .bd-container-inner > .container-fluid > .row > div{padding:0px;}\n.bd-layoutcontainer-874367239  > .bd-container-inner > .container-fluid:after{display:none;}<\/style><style>\n.bd-layoutcontainer-874367239 > .bd-container-inner > .container-fluid, .bd-layoutcontainer-874367239 > .bd-container-inner > .container-fluid > .row{height:100%;}<\/style><style>.bd-layoutcontainer-874367239 > .bd-container-inner > .container-fluid {padding-left: 0; padding-right: 0;}<\/style>        <style>\n.bd-layoutcolumn-197907550{margin-top:2em;background-color:#333333;min-height:250px;margin-bottom:2em;margin-right:-2em;position:relative;z-index:1;background-image:url(https:\/\/www.xn--soadoresmic-2db.com\/wp-content\/uploads\/2018\/05\/df564b51ab7202ca29531427384c06f1_Baner6.jpg);background-repeat:no-repeat;background-attachment:scroll;background-position:center 87.04%;background-size:cover;-webkit-box-shadow:0px 0px 7px 0 rgba(0, 0, 0, 0.33);-o-box-shadow:0px 0px 7px 0 rgba(0, 0, 0, 0.33);-ms-box-shadow:0px 0px 7px 0 rgba(0, 0, 0, 0.33);-moz-box-shadow:0px 0px 7px 0 rgba(0, 0, 0, 0.33);box-shadow:0px 0px 7px 0 rgba(0, 0, 0, 0.33);padding:0px;}\n@media (max-width: 767px) {.bd-layoutcolumn-197907550{margin:0em 2% -2em;padding:5%;}}\n\n.bd-layoutcolumn-1304439803{position:relative;background-attachment:scroll;background-size:cover;margin-left:-2em;background-color:#008a45;padding:60px 60px 60px 120px;}\n@media (max-width: 767px) {.bd-layoutcolumn-1304439803{padding-right:10%;padding-top:20%;padding-left:10%;margin-right:-1em;margin-left:-1em;}}\n.bd-layoutcolumn-1304439803{\n\ttext-align:  right;\n}\n<\/style>        <div class=\" bd-layoutcontainer-874367239  bd-columns bd-no-margins\">\n            <div class=\"bd-container-inner\">\n                <div class=\"container-fluid\">\n                    <div class=\"row bd-row-flex bd-row-align-middle\">\n                        <!--{content}-->\n                                <!--[column]-->\n        <div class=\"col-sm-4 bd-columnwrapper-197907550\">\n            <div class=\"bd-column  bd-layoutcolumn-197907550  bd-no-margins\">\n                <div class=\"bd-vertical-align-wrapper\">\n                    <!--{content}-->\n                                            <!--{\/content}-->\n                <\/div>\n            <\/div>\n        <\/div>\n    <!--[\/column]-->\n\n\t\n\t\t    <!--[column]-->\n        <div class=\"col-sm-8 bd-columnwrapper-1304439803\">\n            <div class=\"bd-column  bd-layoutcolumn-1304439803  bd-no-margins\">\n                <div class=\"bd-vertical-align-wrapper\">\n                    <!--{content}-->\n                            <!--[text]-->\n        <style>\n.additional-class-545126322{margin:0px;}<\/style>        <h2 class=\" additional-class-545126322  bd-no-margins bd-content-element\">\n            <!--{content}-->\n                Ahorro            <!--{\/content}-->\n        <\/h2>\n    <!--[\/text]-->\n\n\t\n\t\t    <!--[text]-->\n        <style>\n.additional-class-993869480{margin-top:0px;}<\/style>        <h1 class=\" additional-class-993869480  bd-content-element\">\n            <!--{content}-->\n                Permanente            <!--{\/content}-->\n        <\/h1>\n    <!--[\/text]-->\n\n\t\n\t\t\n    <!--[separator]-->\n            <style>\n.bd-separator-286408295 .bd-separator-inner:before, .bd-separator-286408295 .bd-separator-inner:after{border-top:2px solid #ffffff;}<\/style>    <style>\n.bd-separator-286408295 .bd-separator-inner{width:15%;}<\/style>\n    <div class=\" bd-separator-286408295  bd-separator-right bd-separator-content-center clearfix\">\n        <div class=\"bd-container-inner\">\n            <div class=\"bd-separator-inner\">\n                                <!--{content}--><!--{\/content}-->\n            <\/div>\n        <\/div>\n    <\/div>\n    <!--[\/separator]-->\n\n    \n\t\n\t\t    <!--[text]-->\n        <style>\n.additional-class-1355384018{padding-bottom:15px;padding-top:15px;}<\/style>        <p class=\" additional-class-1355384018  bd-content-element\">\n            <!--{content}-->\n                Ahorro del 3% al 10% m\u00e1ximo del salario base que ser\u00e1 reintegrado al asociado cuando este pierda su car\u00e1cter de asociado como tal. (50% aporte social individual y 50% ahorro permanente) saldo a favor del asociado.            <!--{\/content}-->\n        <\/p>\n    <!--[\/text]-->\n                    <!--{\/content}-->\n                <\/div>\n            <\/div>\n        <\/div>\n    <!--[\/column]-->\n                        <!--{\/content}-->\n                    <\/div>\n                <\/div>\n            <\/div>\n        <\/div>\n    <!--[\/columns]-->\n\t\t\t\t<!--{\/content}-->\n\t\t\t<\/div>\n\t\t<\/section>\n\t<!--[\/section]-->\n\n    <!--[section]-->\n\t\t<style>\n.bd-section-2145335491{background-color:#f2f3f3;padding-bottom:15px;}\n.bd-section-2145335491{\n\tline-height:  24px;\n\tcolor:  #ffffff;\n\tfont-size:  16px;\n\tfont-weight:  400;\n}\n.bd-section-2145335491 h2{\n\tline-height:  33px;\n\tfont-size:  22px;\n\tfont-weight:  500;\n\tcolor:  #ffffff;\n}\n.bd-section-2145335491 h1{\n\tline-height:  38.4px;\n\tfont-size:  32px;\n\tfont-weight:  600;\n\tcolor:  #ffffff;\n}\n<\/style>\t\t<section id=section5 class=\" bd-section-2145335491  bd-tagstyles\" data-section-title=\"Two Columns Right Offset Over Image\">\n\t\t\t<div class=\"bd-container-inner bd-margins clearfix\">\n\t\t\t\t<!--{content}-->\n\t\t\t\t\t    <!--[columns]-->\n        <style>\n.bd-layoutcontainer-1285155352 > .bd-container-inner > .container-fluid > .row{height:100%;margin:0px;}\n.bd-layoutcontainer-1285155352 > .bd-container-inner > .container-fluid > .row > div{padding:0px;}\n.bd-layoutcontainer-1285155352  > .bd-container-inner > .container-fluid:after{display:none;}<\/style><style>\n.bd-layoutcontainer-1285155352 > .bd-container-inner > .container-fluid, .bd-layoutcontainer-1285155352 > .bd-container-inner > .container-fluid > .row{height:100%;}<\/style><style>.bd-layoutcontainer-1285155352 > .bd-container-inner > .container-fluid {padding-left: 0; padding-right: 0;}<\/style>        <style>\n.bd-layoutcolumn-230514259{background-attachment:scroll;background-size:cover;background-color:#303030;position:relative;margin-right:-2em;padding:60px 120px 60px 60px;}\n@media (max-width: 767px) {.bd-layoutcolumn-230514259{padding-right:10%;padding-left:10%;margin-right:-1em;margin-left:-1em;padding-bottom:20%;}}\n\n.bd-layoutcolumn-395491655{margin-top:2em;background-color:#333333;min-height:250px;margin-bottom:2em;z-index:1;background-image:url(https:\/\/www.xn--soadoresmic-2db.com\/wp-content\/uploads\/2018\/05\/aa37d1805419a33425034a0cf4a4fa06_Baner7.jpg);background-repeat:no-repeat;background-attachment:scroll;background-position:center 59.26%;background-size:cover;-webkit-box-shadow:0px 0px 7px 0 rgba(0, 0, 0, 0.33);-o-box-shadow:0px 0px 7px 0 rgba(0, 0, 0, 0.33);-ms-box-shadow:0px 0px 7px 0 rgba(0, 0, 0, 0.33);-moz-box-shadow:0px 0px 7px 0 rgba(0, 0, 0, 0.33);box-shadow:0px 0px 7px 0 rgba(0, 0, 0, 0.33);margin-left:-2em;padding:0px;}\n@media (max-width: 767px) {.bd-layoutcolumn-395491655{margin:-2em 2% 0em;padding:5%;}}<\/style>        <div class=\" bd-layoutcontainer-1285155352  bd-columns bd-no-margins\">\n            <div class=\"bd-container-inner\">\n                <div class=\"container-fluid\">\n                    <div class=\"row bd-row-flex bd-row-align-middle\">\n                        <!--{content}-->\n                                <!--[column]-->\n        <div class=\"col-sm-8 bd-columnwrapper-230514259\">\n            <div class=\"bd-column  bd-layoutcolumn-230514259  bd-no-margins\">\n                <div class=\"bd-vertical-align-wrapper\">\n                    <!--{content}-->\n                            <!--[text]-->\n        <style>\n.additional-class-2142286745{margin:0px;}<\/style>        <h2 class=\" additional-class-2142286745  bd-no-margins bd-content-element\">\n            <!--{content}-->\n                Ahorro            <!--{\/content}-->\n        <\/h2>\n    <!--[\/text]-->\n\n\t\n\t\t    <!--[text]-->\n        <style>\n.additional-class-1385298782{margin-top:0px;}<\/style>        <h1 class=\" additional-class-1385298782  bd-content-element\">\n            <!--{content}-->\n                Voluntario            <!--{\/content}-->\n        <\/h1>\n    <!--[\/text]-->\n\n\t\n\t\t\n    <!--[separator]-->\n            <style>\n.bd-separator-1593672686 .bd-separator-inner:before, .bd-separator-1593672686 .bd-separator-inner:after{border-top:2px solid #008a45;}<\/style>    <style>\n.bd-separator-1593672686 .bd-separator-inner{width:15%;}<\/style>\n    <div class=\" bd-separator-1593672686  bd-separator-left bd-separator-content-center clearfix\">\n        <div class=\"bd-container-inner\">\n            <div class=\"bd-separator-inner\">\n                                <!--{content}--><!--{\/content}-->\n            <\/div>\n        <\/div>\n    <\/div>\n    <!--[\/separator]-->\n\n    \n\t\n\t\t    <!--[text]-->\n        <style>\n.additional-class-373348450{padding-bottom:15px;padding-top:15px;}<\/style>        <p class=\" additional-class-373348450  bd-content-element\">\n            <!--{content}-->\n                Ahorro con una tasa de inter\u00e9s del 2.5% EA. sin restricci\u00f3n de monto o plazo y disponible en cualquier momento para el asociado mientras no se encuentre cubriendo una deuda actual.            <!--{\/content}-->\n        <\/p>\n    <!--[\/text]-->\n                    <!--{\/content}-->\n                <\/div>\n            <\/div>\n        <\/div>\n    <!--[\/column]-->\n\n\t\n\t\t    <!--[column]-->\n        <div class=\"col-sm-4 bd-columnwrapper-395491655\">\n            <div class=\"bd-column  bd-layoutcolumn-395491655  bd-no-margins\">\n                <div class=\"bd-vertical-align-wrapper\">\n                    <!--{content}-->\n                                            <!--{\/content}-->\n                <\/div>\n            <\/div>\n        <\/div>\n    <!--[\/column]-->\n                        <!--{\/content}-->\n                    <\/div>\n                <\/div>\n            <\/div>\n        <\/div>\n    <!--[\/columns]-->\n\t\t\t\t<!--{\/content}-->\n\t\t\t<\/div>\n\t\t<\/section>\n\t<!--[\/section]-->\n\n    <!--[section]-->\n\t\t<style>\n.bd-section-179729306{background-color:#f2f3f3;padding-bottom:15px;}\n.bd-section-179729306{\n\tline-height:  24px;\n\tcolor:  #ffffff;\n\tfont-size:  16px;\n\tfont-weight:  400;\n}\n.bd-section-179729306 h2{\n\tline-height:  33px;\n\tfont-size:  22px;\n\tfont-weight:  500;\n\tcolor:  #ffffff;\n}\n.bd-section-179729306 h1{\n\tline-height:  38.4px;\n\tfont-size:  32px;\n\tfont-weight:  600;\n\tcolor:  #ffffff;\n}\n<\/style>\t\t<section id=section5 class=\" bd-section-179729306  bd-tagstyles\" data-section-title=\"Two Columns Left Offset\">\n\t\t\t<div class=\"bd-container-inner bd-margins clearfix\">\n\t\t\t\t<!--{content}-->\n\t\t\t\t\t    <!--[columns]-->\n        <style>\n.bd-layoutcontainer-1482139462 > .bd-container-inner > .container-fluid > .row{height:100%;margin:0px;}\n.bd-layoutcontainer-1482139462 > .bd-container-inner > .container-fluid > .row > div{padding:0px;}\n.bd-layoutcontainer-1482139462  > .bd-container-inner > .container-fluid:after{display:none;}<\/style><style>\n.bd-layoutcontainer-1482139462 > .bd-container-inner > .container-fluid, .bd-layoutcontainer-1482139462 > .bd-container-inner > .container-fluid > .row{height:100%;}<\/style><style>.bd-layoutcontainer-1482139462 > .bd-container-inner > .container-fluid {padding-left: 0; padding-right: 0;}<\/style>        <style>\n.bd-layoutcolumn-872809474{margin-top:2em;background-color:#333333;min-height:250px;margin-bottom:2em;margin-right:-2em;position:relative;z-index:1;background-image:url(https:\/\/www.xn--soadoresmic-2db.com\/wp-content\/uploads\/2018\/05\/fea64da85424cca873955529cad2f44c_Baner8.jpg);background-repeat:no-repeat;background-attachment:scroll;background-position:center 74.54%;background-size:cover;-webkit-box-shadow:0px 0px 7px 0 rgba(0, 0, 0, 0.33);-o-box-shadow:0px 0px 7px 0 rgba(0, 0, 0, 0.33);-ms-box-shadow:0px 0px 7px 0 rgba(0, 0, 0, 0.33);-moz-box-shadow:0px 0px 7px 0 rgba(0, 0, 0, 0.33);box-shadow:0px 0px 7px 0 rgba(0, 0, 0, 0.33);padding:0px;}\n@media (max-width: 767px) {.bd-layoutcolumn-872809474{margin:0em 2% -2em;padding:5%;}}\n\n.bd-layoutcolumn-856379220{position:relative;background-attachment:scroll;background-size:cover;margin-left:-2em;background-color:#008a45;padding:60px 60px 60px 120px;}\n@media (max-width: 767px) {.bd-layoutcolumn-856379220{padding-right:10%;padding-top:20%;padding-left:10%;margin-right:-1em;margin-left:-1em;}}\n.bd-layoutcolumn-856379220{\n\ttext-align:  right;\n}\n<\/style>        <div class=\" bd-layoutcontainer-1482139462  bd-columns bd-no-margins\">\n            <div class=\"bd-container-inner\">\n                <div class=\"container-fluid\">\n                    <div class=\"row bd-row-flex bd-row-align-middle\">\n                        <!--{content}-->\n                                <!--[column]-->\n        <div class=\"col-sm-4 bd-columnwrapper-872809474\">\n            <div class=\"bd-column  bd-layoutcolumn-872809474  bd-no-margins\">\n                <div class=\"bd-vertical-align-wrapper\">\n                    <!--{content}-->\n                                            <!--{\/content}-->\n                <\/div>\n            <\/div>\n        <\/div>\n    <!--[\/column]-->\n\n\t\n\t\t    <!--[column]-->\n        <div class=\"col-sm-8 bd-columnwrapper-856379220\">\n            <div class=\"bd-column  bd-layoutcolumn-856379220  bd-no-margins\">\n                <div class=\"bd-vertical-align-wrapper\">\n                    <!--{content}-->\n                            <!--[text]-->\n        <style>\n.additional-class-1985195060{margin:0px;}<\/style>        <h2 class=\" additional-class-1985195060  bd-no-margins bd-content-element\">\n            <!--{content}-->\n                Ahorro            <!--{\/content}-->\n        <\/h2>\n    <!--[\/text]-->\n\n\t\n\t\t    <!--[text]-->\n        <style>\n.additional-class-1350509616{margin-top:0px;}<\/style>        <h1 class=\" additional-class-1350509616  bd-content-element\">\n            <!--{content}-->\n                Navide\u00f1o            <!--{\/content}-->\n        <\/h1>\n    <!--[\/text]-->\n\n\t\n\t\t\n    <!--[separator]-->\n            <style>\n.bd-separator-1839917485 .bd-separator-inner:before, .bd-separator-1839917485 .bd-separator-inner:after{border-top:2px solid #ffffff;}<\/style>    <style>\n.bd-separator-1839917485 .bd-separator-inner{width:15%;}<\/style>\n    <div class=\" bd-separator-1839917485  bd-separator-right bd-separator-content-center clearfix\">\n        <div class=\"bd-container-inner\">\n            <div class=\"bd-separator-inner\">\n                                <!--{content}--><!--{\/content}-->\n            <\/div>\n        <\/div>\n    <\/div>\n    <!--[\/separator]-->\n\n    \n\t\n\t\t    <!--[text]-->\n        <style>\n.additional-class-540743108{padding-bottom:15px;padding-top:15px;}<\/style>        <p class=\" additional-class-540743108  bd-content-element\">\n            <!--{content}-->\n                Ahorro destinado para ser entregado en \u00e9poca navide\u00f1a con una tasa de inter\u00e9s del 5% EA. Ahorro de libre destinaci\u00f3n que se liquida los primeros 5 d\u00edas h\u00e1biles del mes de diciembre. Ahorro m\u00ednimo de $5.000 Quincenales.            <!--{\/content}-->\n        <\/p>\n    <!--[\/text]-->\n                    <!--{\/content}-->\n                <\/div>\n            <\/div>\n        <\/div>\n    <!--[\/column]-->\n                        <!--{\/content}-->\n                    <\/div>\n                <\/div>\n            <\/div>\n        <\/div>\n    <!--[\/columns]-->\n\t\t\t\t<!--{\/content}-->\n\t\t\t<\/div>\n\t\t<\/section>\n\t<!--[\/section]-->\n\n    <!--[section]-->\n\t\t<style>\n.bd-section-403240955{background-color:#f78b1e;position:relative;background-image:url(https:\/\/www.xn--soadoresmic-2db.com\/wp-content\/uploads\/2018\/05\/Baner11.jpg);background-repeat:repeat;background-attachment:scroll;background-size:cover;background-position:center bottom;padding:90px 60px;}\n.bd-section-403240955{\n\tline-height:  27.2px;\n\tcolor:  #ffffff;\n\tfont-size:  16px;\n\ttext-align:  center;\n\tfont-style:  normal;\n\tletter-spacing:  1px;\n}\n.bd-section-403240955 h1{\n\tline-height:  45.71428573px;\n\tfont-size:  32px;\n}\n<\/style>\t\t<section id=section4 class=\" bd-section-403240955  bd-tagstyles\" data-section-title=\"Row with Background Image\">\n\t\t\t<div class=\"bd-container-inner bd-margins clearfix\">\n\t\t\t\t<!--{content}-->\n\t\t\t\t\t    <!--[text]-->\n        <style>\n.additional-class-1402168496{padding-bottom:15px;padding-top:15px;}<\/style>        <h1 class=\" additional-class-1402168496  bd-content-element\">\n            <!--{content}-->\n                \u00bfDeseas hacer parte de nuestro fondo de empleados?            <!--{\/content}-->\n        <\/h1>\n    <!--[\/text]-->\n\n\t\n\t\t<!--[button]--><style>.additional-class-260064436 {\n                    text-decoration: inherit;\n\t                display: inline-block;\n\t                speak: none;\n\t            }\n\n                .additional-class-260064436:after {\n                    font-family: 'Billion Web Font';\n\t                font-style: normal;\n\t                font-weight: normal;\n\t                text-decoration: inherit;\n\t                text-align: center;\n\t                text-transform: none;\n\t                width: 1em;\n                }.additional-class-260064436:after { content: '\\1cd'; }.additional-class-260064436:before {width: auto; visibility: inherit;}.additional-class-260064436:after{display: inline-block;}<\/style><style>.additional-class-260064436:after {\n        vertical-align: middle;\n        text-decoration: none;\n    }<\/style><style>.additional-class-260064436:hover {\n                    text-decoration: inherit;\n\t                display: inline-block;\n\t                speak: none;\n\t            }\n\n                .additional-class-260064436:hover:before {\n                    font-family: 'Billion Web Font';\n\t                font-style: normal;\n\t                font-weight: normal;\n\t                text-decoration: inherit;\n\t                text-align: center;\n\t                text-transform: none;\n\t                width: 1em;\n                }.additional-class-260064436:hover:before {width: auto; visibility: inherit;}.additional-class-260064436:hover:before{display: inline-block;}<\/style><style>.additional-class-260064436:hover:before {\n        vertical-align: middle;\n        text-decoration: none;\n    }<\/style><a href=\"https:\/\/www.xn--soadoresmic-2db.com\/afiliacion\/\" class=\"bd-button-118  additional-class-260064436  bd-icon bd-own-margins bd-content-element\"><!--{content}-->\nDESCARGAR FORMATO\n<!--{\/content}--><\/a><!--[\/button]-->\t\t\t\t<!--{\/content}-->\n\t\t\t<\/div>\n\t\t<\/section>\n\t<!--[\/section]-->\n\n","protected":false},"excerpt":{"rendered":"","protected":false},"author":1,"featured_media":0,"parent":0,"menu_order":1,"comment_status":"closed","ping_status":"closed","template":"","meta":{"footnotes":""},"class_list":["post-342","page","type-page","status-publish","hentry"],"_links":{"self":[{"href":"https:\/\/www.xn--soadoresmic-2db.com\/index.php?rest_route=\/wp\/v2\/pages\/342","targetHints":{"allow":["GET"]}}],"collection":[{"href":"https:\/\/www.xn--soadoresmic-2db.com\/index.php?rest_route=\/wp\/v2\/pages"}],"about":[{"href":"https:\/\/www.xn--soadoresmic-2db.com\/index.php?rest_route=\/wp\/v2\/types\/page"}],"author":[{"embeddable":true,"href":"https:\/\/www.xn--soadoresmic-2db.com\/index.php?rest_route=\/wp\/v2\/users\/1"}],"replies":[{"embeddable":true,"href":"https:\/\/www.xn--soadoresmic-2db.com\/index.php?rest_route=%2Fwp%2Fv2%2Fcomments&post=342"}],"version-history":[{"count":17,"href":"https:\/\/www.xn--soadoresmic-2db.com\/index.php?rest_route=\/wp\/v2\/pages\/342\/revisions"}],"predecessor-version":[{"id":611,"href":"https:\/\/www.xn--soadoresmic-2db.com\/index.php?rest_route=\/wp\/v2\/pages\/342\/revisions\/611"}],"wp:attachment":[{"href":"https:\/\/www.xn--soadoresmic-2db.com\/index.php?rest_route=%2Fwp%2Fv2%2Fmedia&parent=342"}],"curies":[{"name":"wp","href":"https:\/\/api.w.org\/{rel}","templated":true}]}}