{"id":6,"date":"2018-01-29T17:13:32","date_gmt":"2018-01-29T17:13:32","guid":{"rendered":"https:\/\/www.xn--soadoresmic-2db.com\/?page_id=6"},"modified":"2019-06-26T14:30:04","modified_gmt":"2019-06-26T14:30:04","slug":"quienes-somos","status":"publish","type":"page","link":"https:\/\/www.xn--soadoresmic-2db.com\/?page_id=6","title":{"rendered":"\u00bfQui\u00e9nes Somos?"},"content":{"rendered":"    <!--[parallax_background]-->\n        <style>\n.bd-parallax-bg-1426118411{position:relative}<\/style><style>.bd-parallax-bg-effect > .bd-section-948080486 {\n            background-color: transparent;\n            z-index: 0;\n        }<\/style>        <div class=\" bd-parallax-bg-1426118411  bd-parallax-bg-effect\" data-control-selector=\".bd-section-948080486\">\n            <!--{content}-->\n                    <!--[section]-->\n\t\t<style>\n.bd-section-948080486{background-size:cover;background-image:url(https:\/\/www.xn--soadoresmic-2db.com\/wp-content\/uploads\/2018\/05\/259038c1875b4cf189fa031c6c8cfd11_Slider4.jpg);background-repeat:no-repeat;background-attachment:scroll;height:90vh;-webkit-box-shadow:inset 0px -6px 6px 0 rgba(0, 0, 0, 0.15);-o-box-shadow:inset 0px -6px 6px 0 rgba(0, 0, 0, 0.15);-ms-box-shadow:inset 0px -6px 6px 0 rgba(0, 0, 0, 0.15);-moz-box-shadow:inset 0px -6px 6px 0 rgba(0, 0, 0, 0.15);box-shadow:inset 0px -6px 6px 0 rgba(0, 0, 0, 0.15);position:relative;background-position:center center;padding:0px;}\n@media (max-width: 767px) {.bd-section-948080486{padding:18em 0px 0em;}}\n.bd-section-948080486 h1{\n\tline-height:  45.71428573px;\n\tfont-size:  32px;\n\tcolor:  #008a45;\n\tfont-weight:  400;\n}\n\n@media (max-width: 767px) {.bd-section-948080486 h1{\n\tline-height:  31.5px;\n\tfont-size:  21px;\n}\n}\n.bd-section-948080486{position:relative}<\/style>\t\t<section id=section3 class=\" bd-section-948080486  bd-tagstyles\" data-section-title=\"Container in Full-Width Section\">\n\t\t\t<div class=\"bd-container-inner bd-margins clearfix\">\n\t\t\t\t<!--{content}-->\n\t\t\t\t\t<!--[layoutbox]--><style>\n.additional-class-1316906076{position:absolute;left:50%;bottom:0;-webkit-transform:translateX(-50%) translateY(0);-moz-transform:translateX(-50%) translateY(0);-ms-transform:translateX(-50%) translateY(0);transform:translateX(-50%) translateY(0);width:100%;background-color:rgba(242, 243, 243, 0.75);margin-bottom:60px;padding:30px 60px;}\n@media (max-width: 1199px) {.additional-class-1316906076{padding-left:1em;padding-right:1em;}}\n@media (max-width: 767px) {.additional-class-1316906076{width:100%;padding:15px 10px;}}\n.additional-class-1316906076{\n\ttext-align:  center;\n}\n\n@media (max-width: 767px) {.additional-class-1316906076{\n\ttext-align:  center;\n}\n}<\/style><div class=\"clearfix  additional-class-1316906076  bd-no-margins\"><div class=\"bd-container-inner\"><!--{content}-->    <!--[text]-->\n        <style>\n.additional-class-589254562{margin-top:0px;width:auto;padding-bottom:0px;padding-top:0px;margin-bottom:0px;}<\/style>        <h1 class=\" additional-class-589254562  bd-content-element\">\n            <!--{content}-->\n                Somos una empresa&nbsp;<b>Incentivada<\/b>&nbsp;por el deseo de\nmejorar la calidad de vida de nuestros asociados            <!--{\/content}-->\n        <\/h1>\n    <!--[\/text]-->\n<!--{\/content}--><\/div><\/div><!--[\/layoutbox]-->\t\t\t\t<!--{\/content}-->\n\t\t\t<\/div>\n\t\t<\/section>\n\t<!--[\/section]-->\n            <!--{\/content}-->\n        <\/div>\n    <!--[\/parallax_background]-->\n\n    <!--[section]-->\n\t\t<style>\n.bd-section-935914572{background-color:#f2f3f3;}\n.bd-section-935914572{\n\tline-height:  24px;\n\tcolor:  #000000;\n\tfont-size:  16px;\n\tfont-weight:  normal;\n}\n.bd-section-935914572 h1{\n\tline-height:  45.71428573px;\n\tfont-size:  32px;\n\tfont-weight:  normal;\n\tcolor:  #000000;\n}\n.bd-section-935914572 ul > li{\n\tline-height:  22.85714286px;\n\tfont-size:  16px;\n}\n<\/style>\t\t<section id=section4 class=\" bd-section-935914572  bd-tagstyles\" data-section-title=\"Two Columns With Header\">\n\t\t\t<div class=\"bd-container-inner bd-margins clearfix\">\n\t\t\t\t<!--{content}-->\n\t\t\t\t\t    <!--[columns]-->\n        <style>\n.bd-layoutcontainer-341079230 > .bd-container-inner > .container-fluid > .row{height:calc(101%);margin:-0.5em 0px;}\n.bd-layoutcontainer-341079230 > .bd-container-inner > .container-fluid > .row > div{padding:0.5em 0px;}\n.bd-layoutcontainer-341079230  > .bd-container-inner > .container-fluid:after{display:none;}<\/style><style>\n.bd-layoutcontainer-341079230 > .bd-container-inner > .container-fluid, .bd-layoutcontainer-341079230 > .bd-container-inner > .container-fluid > .row{height:100%;}<\/style><style>.bd-layoutcontainer-341079230 > .bd-container-inner > .container-fluid {padding-left: 0; padding-right: 0;}<\/style>        <style>\n.bd-layoutcolumn-988485507{padding:50px 30px 30px;}\n@media (max-width: 767px) {.bd-layoutcolumn-988485507{padding:30px;}}\n\n.bd-layoutcolumn-1028316146{padding:50px 30px 30px;}\n@media (max-width: 767px) {.bd-layoutcolumn-1028316146{padding:30px;}}<\/style>        <div class=\" bd-layoutcontainer-341079230  bd-columns bd-no-margins\">\n            <div class=\"bd-container-inner\">\n                <div class=\"container-fluid\">\n                    <div class=\"row bd-row-flex bd-row-align-top\">\n                        <!--{content}-->\n                                <!--[column]-->\n        <div class=\"col-md-6 bd-columnwrapper-988485507\">\n            <div class=\"bd-column  bd-layoutcolumn-988485507 \">\n                <div class=\"bd-vertical-align-wrapper\">\n                    <!--{content}-->\n                            <!--[text]-->\n        <style>\nh1.additional-class-1288085656{\n\tline-height:  45.71428573px;\n\tfont-size:  32px;\n\tfont-weight:  normal;\n\tcolor:  #000000;\n}\n<\/style>        <h1 class=\" additional-class-1288085656  bd-content-element\">\n            <!--{content}-->\n                Objetivos Generales            <!--{\/content}-->\n        <\/h1>\n    <!--[\/text]-->\n\n\t\n\t\t\n    <!--[separator]-->\n    <style>\n.bd-separator-217938709{margin-top:0px;margin-bottom:0px;}<\/style>        <style>\n.bd-separator-217938709 .bd-separator-inner:before, .bd-separator-217938709 .bd-separator-inner:after{border-top:2px solid #008a45;}<\/style>    <style>\n.bd-separator-217938709 .bd-separator-inner{width:15%;}<\/style>\n    <div class=\" bd-separator-217938709  bd-separator-left bd-separator-content-center clearfix\">\n        <div class=\"bd-container-inner\">\n            <div class=\"bd-separator-inner\">\n                                <!--{content}--><!--{\/content}-->\n            <\/div>\n        <\/div>\n    <\/div>\n    <!--[\/separator]-->\n\n    \n\t\n\t\t    <!--[text]-->\n        <style>\n.additional-class-611192821{padding-bottom:15px;padding-top:15px;}<\/style>        <p class=\" additional-class-611192821  bd-content-element\">\n            <!--{content}-->\n                Orientar al fondo de Empleados en la definici\u00f3n, formulaci\u00f3n y evaluaci\u00f3n de las pol\u00edticas, planes, programas, lineamientos y proyectos para lograr el cumplimiento de la misi\u00f3n institucional y responsabilidades asignadas a todas las personas que lo conforman.            <!--{\/content}-->\n        <\/p>\n    <!--[\/text]-->\n                    <!--{\/content}-->\n                <\/div>\n            <\/div>\n        <\/div>\n    <!--[\/column]-->\n\n\t\n\t\t    <!--[column]-->\n        <div class=\"col-md-6 bd-columnwrapper-1028316146\">\n            <div class=\"bd-column  bd-layoutcolumn-1028316146 \">\n                <div class=\"bd-vertical-align-wrapper\">\n                    <!--{content}-->\n                            <!--[text]-->\n        <style>\nh1.additional-class-1781020070{\n\tline-height:  45.71428573px;\n\tfont-size:  32px;\n\tfont-weight:  normal;\n\tcolor:  #000000;\n}\n<\/style>        <h1 class=\" additional-class-1781020070  bd-content-element\">\n            <!--{content}-->\n                Objetivos Espec\u00edficos            <!--{\/content}-->\n        <\/h1>\n    <!--[\/text]-->\n\n\t\n\t\t\n    <!--[separator]-->\n    <style>\n.bd-separator-853849564{margin-top:0px;margin-bottom:0px;}<\/style>        <style>\n.bd-separator-853849564 .bd-separator-inner:before, .bd-separator-853849564 .bd-separator-inner:after{border-top:2px solid #008a45;}<\/style>    <style>\n.bd-separator-853849564 .bd-separator-inner{width:15%;}<\/style>\n    <div class=\" bd-separator-853849564  bd-separator-left bd-separator-content-center clearfix\">\n        <div class=\"bd-container-inner\">\n            <div class=\"bd-separator-inner\">\n                                <!--{content}--><!--{\/content}-->\n            <\/div>\n        <\/div>\n    <\/div>\n    <!--[\/separator]-->\n\n    \n\t\n\t\t    <!--[text]-->\n        <style>\n.additional-class-1528049702{padding-bottom:15px;padding-top:15px;}<\/style>        <p class=\" additional-class-1528049702  bd-content-element\">\n            <!--{content}-->\n                Mejorar el acceso a lo que so\u00f1amos.\n<br>Mejorar la calidad de vida de los asociados y su familia.\n<br>Fomentar el ahorro de sus asociados.\n<br>Permitir en forma inmediata los cr\u00e9ditos.\n<br>Brindar el acceso a servicios sociales al asociado y su grupo familiar.            <!--{\/content}-->\n        <\/p>\n    <!--[\/text]-->\n                    <!--{\/content}-->\n                <\/div>\n            <\/div>\n        <\/div>\n    <!--[\/column]-->\n                        <!--{\/content}-->\n                    <\/div>\n                <\/div>\n            <\/div>\n        <\/div>\n    <!--[\/columns]-->\n\t\t\t\t<!--{\/content}-->\n\t\t\t<\/div>\n\t\t<\/section>\n\t<!--[\/section]-->\n\n<!--[fluid]--><!--{content}-->    <!--[section]-->\n\t\t<style>\n.bd-section-1373430278{background-color:#f2f3f3;padding:10px;}\n.bd-section-1373430278{\n\tline-height:  24px;\n\tfont-size:  16px;\n\tfont-weight:  normal;\n\tcolor:  #ffffff;\n}\n.bd-section-1373430278 h6{\n\tline-height:  21px;\n\tfont-size:  14px;\n\tfont-weight:  600;\n\tcolor:  #26ab62;\n}\n.bd-section-1373430278 h5{\n\tline-height:  21px;\n\tfont-weight:  600;\n\tfont-size:  14px;\n\tcolor:  #ffffff;\n}\n.bd-section-1373430278 h1{\n\tline-height:  45.71428573px;\n\tfont-size:  32px;\n}\n<\/style>\t\t<section id=screenshotme class=\" bd-section-1373430278 bd-page-width  bd-tagstyles\" data-section-title=\"Business Two Columns\">\n\t\t\t<div class=\"bd-container-inner bd-margins clearfix\">\n\t\t\t\t<!--{content}-->\n\t\t\t\t\t<!--[fluid_1]--><!--{content}-->    <!--[columns]-->\n        <style>\n.bd-layoutcontainer-780015296 > .bd-container-inner > .container-fluid > .row{height:calc(100%);margin:0px;}\n.bd-layoutcontainer-780015296 > .bd-container-inner > .container-fluid > .row > div{padding:0px;}\n.bd-layoutcontainer-780015296  > .bd-container-inner > .container-fluid:after{display:none;}<\/style><style>\n.bd-layoutcontainer-780015296 > .bd-container-inner > .container-fluid, .bd-layoutcontainer-780015296 > .bd-container-inner > .container-fluid > .row{height:100%;}<\/style><style>.bd-layoutcontainer-780015296 > .bd-container-inner > .container-fluid {padding-left: 0; padding-right: 0;}<\/style>        <style>\n.bd-layoutcolumn-1618593078{background-attachment:scroll;background-color:#008a45;padding:60px;}\n@media (max-width: 991px) {.bd-layoutcolumn-1618593078{padding:10%;}}\n\n.bd-layoutcolumn-1462996697{background-image:url(https:\/\/www.xn--soadoresmic-2db.com\/wp-content\/uploads\/2018\/05\/9e927ce6986b0eea2f4557e2394a485c_Baner1.jpg);background-attachment:scroll;background-repeat:no-repeat;min-height:300px;background-position:center 51.97%;background-size:cover;}<\/style>        <div class=\" bd-layoutcontainer-780015296 bd-page-width  bd-columns bd-no-margins\">\n            <div class=\"bd-container-inner\">\n                <div class=\"container-fluid\">\n                    <div class=\"row bd-row-flex bd-row-align-middle\">\n                        <!--{content}-->\n                                <!--[column]-->\n        <div class=\"col-sm-6 bd-columnwrapper-1618593078\">\n            <div class=\"bd-column  bd-layoutcolumn-1618593078 \">\n                <div class=\"bd-vertical-align-wrapper\">\n                    <!--{content}-->\n                            <!--[text]-->\n                <h1 class=\" additional-class-1226549687  bd-content-element\">\n            <!--{content}-->\n                Historia            <!--{\/content}-->\n        <\/h1>\n    <!--[\/text]-->\n\n\t\n\t\t\n    <!--[separator]-->\n    <style>\n.bd-separator-1810797436{margin-top:0px;margin-bottom:0px;}<\/style>        <style>\n.bd-separator-1810797436 .bd-separator-inner:before, .bd-separator-1810797436 .bd-separator-inner:after{border-top:2px solid #ffffff;}<\/style>    <style>\n.bd-separator-1810797436 .bd-separator-inner{width:15%;}<\/style>\n    <div class=\" bd-separator-1810797436  bd-separator-left bd-separator-content-center clearfix\">\n        <div class=\"bd-container-inner\">\n            <div class=\"bd-separator-inner\">\n                                <!--{content}--><!--{\/content}-->\n            <\/div>\n        <\/div>\n    <\/div>\n    <!--[\/separator]-->\n\n    \n\t\n\t\t    <!--[text]-->\n        <style>\n.additional-class-468218917{padding-bottom:15px;padding-top:15px;}<\/style>        <p class=\" additional-class-468218917  bd-content-element\">\n            <!--{content}-->\n                El Fondo de Empleados \u201cSO\u00d1ADORES MIC\u201d es una empresa asociativa de derecho privado, sin \u00e1nimo de lucro que nace en el a\u00f1o 2018 con los empleados de las empresas Maquila Internacional de Confecci\u00f3n, Estrategia Comercial de Colombia S.A, Wstudio SAS, Inversiones Doble J, Destino Comercial, ONE STEP.\n<br>En sus inicios el Fondo cont\u00f3 con 20 socios fundadores quienes decidieron conformar esta iniciativa incentivados por el deseo de mejorar las condiciones econ\u00f3micas, sociales, culturales y educativas de los empleados y sus familias.            <!--{\/content}-->\n        <\/p>\n    <!--[\/text]-->\n\n\t\n\t\t    <!--[text]-->\n                <h1 class=\" additional-class-505618305  bd-content-element\">\n            <!--{content}-->\n                Misi\u00f3n            <!--{\/content}-->\n        <\/h1>\n    <!--[\/text]-->\n\n\t\n\t\t\n    <!--[separator]-->\n    <style>\n.bd-separator-475622923{margin-top:0px;margin-bottom:0px;}<\/style>        <style>\n.bd-separator-475622923 .bd-separator-inner:before, .bd-separator-475622923 .bd-separator-inner:after{border-top:2px solid #ffffff;}<\/style>    <style>\n.bd-separator-475622923 .bd-separator-inner{width:15%;}<\/style>\n    <div class=\" bd-separator-475622923  bd-separator-left bd-separator-content-center clearfix\">\n        <div class=\"bd-container-inner\">\n            <div class=\"bd-separator-inner\">\n                                <!--{content}--><!--{\/content}-->\n            <\/div>\n        <\/div>\n    <\/div>\n    <!--[\/separator]-->\n\n    \n\t\n\t\t    <!--[text]-->\n        <style>\n.additional-class-1416163470{padding-bottom:15px;padding-top:15px;}<\/style>        <p class=\" additional-class-1416163470  bd-content-element\">\n            <!--{content}-->\n                Mejorar la calidad de vida, del asociado y su grupo familiar mediante el fomento de una cultura solidaria que incentive el ahorro, con miras a generar recursos destinados especialmente a la satisfacci\u00f3n de sus necesidades, a trav\u00e9s de servicios y programas orientados hacia el bienestar personal, social y econ\u00f3mico de los asociados.            <!--{\/content}-->\n        <\/p>\n    <!--[\/text]-->\n                    <!--{\/content}-->\n                <\/div>\n            <\/div>\n        <\/div>\n    <!--[\/column]-->\n\n\t\n\t\t    <!--[column]-->\n        <div class=\"col-sm-6 bd-columnwrapper-1462996697\">\n            <div class=\"bd-column  bd-layoutcolumn-1462996697 \">\n                <div class=\"bd-vertical-align-wrapper\">\n                    <!--{content}-->\n                                            <!--{\/content}-->\n                <\/div>\n            <\/div>\n        <\/div>\n    <!--[\/column]-->\n                        <!--{\/content}-->\n                    <\/div>\n                <\/div>\n            <\/div>\n        <\/div>\n    <!--[\/columns]-->\n<!--{\/content}--><!--[\/fluid_1]-->\t\t\t\t<!--{\/content}-->\n\t\t\t<\/div>\n\t\t<\/section>\n\t<!--[\/section]-->\n<!--{\/content}--><!--[\/fluid]-->\n<!--[fluid]--><!--{content}-->    <!--[section]-->\n\t\t<style>\n.bd-section-1747573313{background-color:#f2f3f3;padding-left:10px;padding-right:10px;padding-bottom:10px;}\n.bd-section-1747573313{\n\tline-height:  24px;\n\tfont-size:  16px;\n\tfont-weight:  normal;\n\tcolor:  #ffffff;\n}\n.bd-section-1747573313 h6{\n\tline-height:  21px;\n\tfont-size:  14px;\n\tfont-weight:  600;\n\tcolor:  #26ab62;\n}\n.bd-section-1747573313 h5{\n\tline-height:  21px;\n\tfont-weight:  600;\n\tfont-size:  14px;\n\tcolor:  #ffffff;\n}\n.bd-section-1747573313 h1{\n\tline-height:  45.71428573px;\n\tfont-size:  32px;\n}\n<\/style>\t\t<section id=screenshotme class=\" bd-section-1747573313 bd-page-width  bd-tagstyles\" data-section-title=\"Business Two Columns\">\n\t\t\t<div class=\"bd-container-inner bd-margins clearfix\">\n\t\t\t\t<!--{content}-->\n\t\t\t\t\t<!--[fluid_1]--><!--{content}-->    <!--[columns]-->\n        <style>\n.bd-layoutcontainer-73245527 > .bd-container-inner > .container-fluid > .row{height:calc(100%);margin:0px;}\n.bd-layoutcontainer-73245527 > .bd-container-inner > .container-fluid > .row > div{padding:0px;}\n.bd-layoutcontainer-73245527  > .bd-container-inner > .container-fluid:after{display:none;}<\/style><style>\n.bd-layoutcontainer-73245527 > .bd-container-inner > .container-fluid, .bd-layoutcontainer-73245527 > .bd-container-inner > .container-fluid > .row{height:100%;}<\/style><style>.bd-layoutcontainer-73245527 > .bd-container-inner > .container-fluid {padding-left: 0; padding-right: 0;}<\/style>        <style>\n.bd-layoutcolumn-228460795{background-image:url(https:\/\/www.xn--soadoresmic-2db.com\/wp-content\/uploads\/2018\/05\/b66e2e93c042e6754c2a2309db13377f_Baner2.jpg);background-attachment:scroll;background-repeat:no-repeat;background-size:cover;min-height:300px;background-position:center 54.43%;}\n\n.bd-layoutcolumn-1447404206{background-attachment:scroll;background-color:#303030;padding:60px;}\n@media (max-width: 991px) {.bd-layoutcolumn-1447404206{padding:10%;}}<\/style>        <div class=\" bd-layoutcontainer-73245527 bd-page-width  bd-columns bd-no-margins\">\n            <div class=\"bd-container-inner\">\n                <div class=\"container-fluid\">\n                    <div class=\"row bd-row-flex bd-row-align-middle\">\n                        <!--{content}-->\n                                <!--[column]-->\n        <div class=\"col-sm-6 bd-columnwrapper-228460795\">\n            <div class=\"bd-column  bd-layoutcolumn-228460795 \">\n                <div class=\"bd-vertical-align-wrapper\">\n                    <!--{content}-->\n                                            <!--{\/content}-->\n                <\/div>\n            <\/div>\n        <\/div>\n    <!--[\/column]-->\n\n\t\n\t\t    <!--[column]-->\n        <div class=\"col-sm-6 bd-columnwrapper-1447404206\">\n            <div class=\"bd-column  bd-layoutcolumn-1447404206 \">\n                <div class=\"bd-vertical-align-wrapper\">\n                    <!--{content}-->\n                            <!--[text]-->\n                <h1 class=\" additional-class-313984469  bd-content-element\">\n            <!--{content}-->\n                Visi\u00f3n            <!--{\/content}-->\n        <\/h1>\n    <!--[\/text]-->\n\n\t\n\t\t\n    <!--[separator]-->\n    <style>\n.bd-separator-576028850{margin-top:0px;margin-bottom:0px;}<\/style>        <style>\n.bd-separator-576028850 .bd-separator-inner:before, .bd-separator-576028850 .bd-separator-inner:after{border-top:2px solid #008a45;}<\/style>    <style>\n.bd-separator-576028850 .bd-separator-inner{width:15%;}<\/style>\n    <div class=\" bd-separator-576028850  bd-separator-left bd-separator-content-center clearfix\">\n        <div class=\"bd-container-inner\">\n            <div class=\"bd-separator-inner\">\n                                <!--{content}--><!--{\/content}-->\n            <\/div>\n        <\/div>\n    <\/div>\n    <!--[\/separator]-->\n\n    \n\t\n\t\t    <!--[text]-->\n        <style>\n.additional-class-794664203{padding-bottom:15px;padding-top:15px;}<\/style>        <p class=\" additional-class-794664203  bd-content-element\">\n            <!--{content}-->\n                El Fondo de Empleados \u201cSO\u00d1ADORES MIC\u201d ser\u00e1 reconocido como una empresa l\u00edder del sector solidario a nivel nacional buscando siempre estrechar v\u00ednculos de solidaridad y compromiso entre sus asociados y sus familias, orientando sus esfuerzos presentes y futuros para conformar una entidad sostenible, s\u00f3lida y en crecimiento continuo, ofreciendo servicios de calidad con responsabilidad social.            <!--{\/content}-->\n        <\/p>\n    <!--[\/text]-->\n\n\t\n\t\t    <!--[text]-->\n                <h1 class=\" additional-class-1800570942  bd-content-element\">\n            <!--{content}-->\n                Valores            <!--{\/content}-->\n        <\/h1>\n    <!--[\/text]-->\n\n\t\n\t\t\n    <!--[separator]-->\n    <style>\n.bd-separator-547299416{margin-top:0px;margin-bottom:0px;}<\/style>        <style>\n.bd-separator-547299416 .bd-separator-inner:before, .bd-separator-547299416 .bd-separator-inner:after{border-top:2px solid #008a45;}<\/style>    <style>\n.bd-separator-547299416 .bd-separator-inner{width:15%;}<\/style>\n    <div class=\" bd-separator-547299416  bd-separator-left bd-separator-content-center clearfix\">\n        <div class=\"bd-container-inner\">\n            <div class=\"bd-separator-inner\">\n                                <!--{content}--><!--{\/content}-->\n            <\/div>\n        <\/div>\n    <\/div>\n    <!--[\/separator]-->\n\n    \n\t\n\t\t    <!--[text]-->\n        <style>\n.additional-class-1001439707{padding-bottom:15px;padding-top:15px;}<\/style>        <p class=\" additional-class-1001439707  bd-content-element\">\n            <!--{content}-->\n                Llamados tambi\u00e9n principios corporativos, son el conjunto de creencias y reglas de conducta personal y empresarial que regulan la vida de los miembros de una organizaci\u00f3n. \n<br>Est\u00e1n ligados a los principios, actitudes y sentimientos que rigen aquella escala \u00e9tica y moral que el individuo posee a la hora de actuar, definen la personalidad de la organizaci\u00f3n.            <!--{\/content}-->\n        <\/p>\n    <!--[\/text]-->\n\n\t\n\t\t<!--[html]--><style><\/style><div class=\"bd-tagstyles  additional-class-2121152697 bd-custom-blockquotes bd-blockquotes-18-mixin\"><div class=\"bd-container-inner bd-content-element\"><!--{content}--><blockquote>\u00b7 Respeto: Consideraci\u00f3n y reconocimiento en los dem\u00e1s de sus virtudes, actuar procurando valorar su esencia.\n<br>\u00b7 Solidaridad: Ayuda mutua y cooperaci\u00f3n para el bienestar de los asociados y su familia. \n<br>\u00b7 Compa\u00f1erismo: Actitud de acompa\u00f1ar y apoyarse entre s\u00ed para lograr alg\u00fan fin, buena correspondencia y armon\u00eda entre los asociados. \n<br>\u00b7 Equidad: Tratar a todos por los asociados por igual, respetando y teniendo en cuenta sus diferencias y cualidades, todos tendr\u00e1n las mismas oportunidades en participaci\u00f3n y acceso a los servicios. \n<br>\u00b7 Transparencia: Actuar con sinceridad, honestidad y coherencia en todas las actividades que se realicen. \n<br>\u00b7 Honestidad: El comportamiento de asociados, empleados y directivos estar\u00e1 guiado por la rectitud, decencia, recato y por el seguimiento de principios y valores \u00e9ticos y morales. \n<br>\u00b7 Responsabilidad: Capacidad de compromiso.  Cumplir con las expectativas de nuestros asociados, en cuanto a la calidad de los servicios, los proyectos y las actividades que se realicen.&nbsp;<br><\/blockquote><!--{\/content}--><\/div><\/div><!--[\/html]-->                    <!--{\/content}-->\n                <\/div>\n            <\/div>\n        <\/div>\n    <!--[\/column]-->\n                        <!--{\/content}-->\n                    <\/div>\n                <\/div>\n            <\/div>\n        <\/div>\n    <!--[\/columns]-->\n<!--{\/content}--><!--[\/fluid_1]-->\t\t\t\t<!--{\/content}-->\n\t\t\t<\/div>\n\t\t<\/section>\n\t<!--[\/section]-->\n<!--{\/content}--><!--[\/fluid]-->\n","protected":false},"excerpt":{"rendered":"","protected":false},"author":1,"featured_media":0,"parent":0,"menu_order":1,"comment_status":"closed","ping_status":"closed","template":"","meta":{"footnotes":""},"class_list":["post-6","page","type-page","status-publish","hentry"],"_links":{"self":[{"href":"https:\/\/www.xn--soadoresmic-2db.com\/index.php?rest_route=\/wp\/v2\/pages\/6","targetHints":{"allow":["GET"]}}],"collection":[{"href":"https:\/\/www.xn--soadoresmic-2db.com\/index.php?rest_route=\/wp\/v2\/pages"}],"about":[{"href":"https:\/\/www.xn--soadoresmic-2db.com\/index.php?rest_route=\/wp\/v2\/types\/page"}],"author":[{"embeddable":true,"href":"https:\/\/www.xn--soadoresmic-2db.com\/index.php?rest_route=\/wp\/v2\/users\/1"}],"replies":[{"embeddable":true,"href":"https:\/\/www.xn--soadoresmic-2db.com\/index.php?rest_route=%2Fwp%2Fv2%2Fcomments&post=6"}],"version-history":[{"count":20,"href":"https:\/\/www.xn--soadoresmic-2db.com\/index.php?rest_route=\/wp\/v2\/pages\/6\/revisions"}],"predecessor-version":[{"id":610,"href":"https:\/\/www.xn--soadoresmic-2db.com\/index.php?rest_route=\/wp\/v2\/pages\/6\/revisions\/610"}],"wp:attachment":[{"href":"https:\/\/www.xn--soadoresmic-2db.com\/index.php?rest_route=%2Fwp%2Fv2%2Fmedia&parent=6"}],"curies":[{"name":"wp","href":"https:\/\/api.w.org\/{rel}","templated":true}]}}